{"id":498,"date":"2020-07-20T16:05:30","date_gmt":"2020-07-20T14:05:30","guid":{"rendered":"http:\/\/pltx-music.de\/?page_id=498"},"modified":"2022-09-18T19:13:05","modified_gmt":"2022-09-18T17:13:05","slug":"impressum","status":"publish","type":"page","link":"https:\/\/pltx-music.de\/en\/impressum\/","title":{"rendered":"Impressum"},"content":{"rendered":"<div data-elementor-type=\"wp-page\" data-elementor-id=\"498\" class=\"elementor elementor-498\" data-elementor-post-type=\"page\">\n\t\t\t\t\t\t<section class=\"elementor-section elementor-top-section elementor-element elementor-element-794175b elementor-section-boxed elementor-section-height-default elementor-section-height-default\" data-id=\"794175b\" data-element_type=\"section\" data-e-type=\"section\" data-settings=\"{&quot;jet_parallax_layout_list&quot;:[]}\">\n\t\t\t\t\t\t<div class=\"elementor-container elementor-column-gap-default\">\n\t\t\t\t\t<div class=\"elementor-column elementor-col-100 elementor-top-column elementor-element elementor-element-6e23504\" data-id=\"6e23504\" data-element_type=\"column\" data-e-type=\"column\">\n\t\t\t<div class=\"elementor-widget-wrap elementor-element-populated\">\n\t\t\t\t\t\t<div class=\"elementor-element elementor-element-9574954 elementor-widget elementor-widget-heading\" data-id=\"9574954\" data-element_type=\"widget\" data-e-type=\"widget\" data-widget_type=\"heading.default\">\n\t\t\t\t\t<h2 class=\"elementor-heading-title elementor-size-default\">Impressum<\/h2>\t\t\t\t<\/div>\n\t\t\t\t<div class=\"elementor-element elementor-element-4b03c2b elementor-widget elementor-widget-text-editor\" data-id=\"4b03c2b\" data-element_type=\"widget\" data-e-type=\"widget\" data-widget_type=\"text-editor.default\">\n\t\t\t\t\t\t\t\t\t<p>Angaben gem\u00e4\u00df \u00a7 5 TMG<\/p>\n<p>Mark Sean-Lee Heizmann<br>Weinbergstra\u00dfe 29<br>01129 Dresden, Germany<br><\/p>\n<p>\nE-Mail: info@pltx-music.de<br>Vertretungsberechtige Personen: Mark Sean-Lee Leizmann<\/p>\n<p><b>Streitschlichtung<\/b><\/p>\n<p>Die Europ\u00e4ische Kommission stellt eine Plattform zur Online-Streitbeilegung (OS) bereit:<\/p>\n<p>https:\/\/ec.europa.eu\/consumers\/odr<\/p>\n<p>Unsere E-Mail-Adresse finden Sie oben im Impressum.<br>Wir sind nicht bereit oder verpflichtet, an Streitbeilegungsverfahren vor einer Verbraucherschlichtungsstelle teilzunehmen.<\/p><p><b>Haftung f\u00fcr Inhalte<\/b><br><\/p><p>Die Inhalte dieser Seiten wurden mit gr\u00f6\u00dfter Sorgfalt erstellt.F\u00fcr die Richtigkeit, Vollst\u00e4ndigkeit und Aktualit\u00e4t der Inhalte k\u00f6nnen wir jedoch keine Gew\u00e4hr \u00fcbernehmen.Als Dienstleistungsanbieter sind wir gema\u00df \u00a7 6 Abs.1 MDStV und \u00a78 Abs.1 TDG f\u00fcr eigene Inhalte auf diesen Seiten nach den allgemeinen Gesetzen verantwortlich. Dienstanbieter sind jedoch nicht verpflichtet, die von ihnen \u00fcbermittelten oder gespeicherten fremden Informationen zu \u00fcberwachen oder nach Umst\u00e4nden zu forschen, die auf eine rechtswidrige T\u00e4tigkeit hinweisen. Verpflichtungen zur Entfernung oder Sperrung der Nutzung von Informationen nach den allgemeinen Gesetzen bleiben hiervon unber\u00fchrt. Eine diesbez\u00fcgliche Haftung ist jedoch erst ab dem Zeitpunkt der Kenntnis einer konkreten Rechtsverletzung m\u00f6glich. Bei bekanntwerden von entsprechenden Rechtsverletzungen werden wir diese Inhalte umgehend entfernen.<br><\/p><p><b>Haftung f\u00fcr Links<\/b><br><\/p><p>Unser Angebot enth\u00e4lt Links zu externen Webseiten Dritter, auf deren Inhalte wir keinen Einflu\u00df haben. Deshalb k\u00f6nnen wir f\u00fcr diese fremden Inhalte auch keine Gew\u00e4hr \u00fcbernehmen. F\u00fcr die Inhalte der verlinkten Seiten ist der jeweilige Anbieter oder Betreiber der Seiten verantwortlich. Die verlinkten Seiten wurden zum Zeitpunkt der Verlinkung auf m\u00f6gliche Rechtsverst\u00f6\u00dfe \u00fcberpr\u00fcft. Rechtswidrige Inhalte waren zum Zeitpunkt der Verlinkung nicht erkennbar. Eine permanente inhaltliche Kontrolle der verlinkten Seiten ist jedoch ohne konkrete Anhaltspunkte einer Rechtsverletzung nicht zumutbar. Bei bekanntwerden von Rechtsverletzungen werden derartige Links umgehend entfernt.<br><\/p>\t\t\t\t\t\t\t\t<\/div>\n\t\t\t\t<div class=\"elementor-element elementor-element-205b91b elementor-widget elementor-widget-button\" data-id=\"205b91b\" data-element_type=\"widget\" data-e-type=\"widget\" data-widget_type=\"button.default\">\n\t\t\t\t\t\t\t\t\t\t<a class=\"elementor-button elementor-button-link elementor-size-sm\" href=\"https:\/\/pltx-music.de\/en\">\n\t\t\t\t\t\t<span class=\"elementor-button-content-wrapper\">\n\t\t\t\t\t\t\t\t\t<span class=\"elementor-button-text\">Back to Mainpage<\/span>\n\t\t\t\t\t<\/span>\n\t\t\t\t\t<\/a>\n\t\t\t\t\t\t\t\t<\/div>\n\t\t\t\t\t<\/div>\n\t\t<\/div>\n\t\t\t\t\t<\/div>\n\t\t<\/section>\n\t\t\t\t<\/div>","protected":false},"excerpt":{"rendered":"<p>Impressum Angaben gem\u00e4\u00df \u00a7 5 TMG Mark Sean-Lee HeizmannWeinbergstra\u00dfe 2901129 Dresden, Germany E-Mail: info@pltx-music.deVertretungsberechtige Personen: Mark Sean-Lee Leizmann Streitschlichtung Die Europ\u00e4ische Kommission stellt eine Plattform zur Online-Streitbeilegung (OS) bereit: https:\/\/ec.europa.eu\/consumers\/odr Unsere E-Mail-Adresse finden Sie oben im Impressum.Wir sind nicht bereit oder verpflichtet, an Streitbeilegungsverfahren vor einer Verbraucherschlichtungsstelle teilzunehmen. Haftung f\u00fcr Inhalte Die Inhalte dieser Seiten [&hellip;]<\/p>\n","protected":false},"author":1,"featured_media":0,"parent":0,"menu_order":0,"comment_status":"closed","ping_status":"closed","template":"elementor_canvas","meta":{"footnotes":""},"class_list":["post-498","page","type-page","status-publish","hentry"],"yoast_head":"<!-- This site is optimized with the Yoast SEO plugin v27.5 - https:\/\/yoast.com\/product\/yoast-seo-wordpress\/ -->\n<title>Impressum - PLTX | DJ, Sounddesign &amp; Mastering, Mixdown | Dresden, Germany<\/title>\n<meta name=\"robots\" content=\"index, follow, max-snippet:-1, max-image-preview:large, max-video-preview:-1\" \/>\n<link rel=\"canonical\" href=\"https:\/\/pltx-music.de\/en\/impressum\/\" \/>\n<meta property=\"og:locale\" content=\"en_GB\" \/>\n<meta property=\"og:type\" content=\"article\" \/>\n<meta property=\"og:title\" content=\"Impressum - PLTX | DJ, Sounddesign &amp; Mastering, Mixdown | Dresden, Germany\" \/>\n<meta property=\"og:description\" content=\"Impressum Angaben gem\u00e4\u00df \u00a7 5 TMG Mark Sean-Lee HeizmannWeinbergstra\u00dfe 2901129 Dresden, Germany E-Mail: info@pltx-music.deVertretungsberechtige Personen: Mark Sean-Lee Leizmann Streitschlichtung Die Europ\u00e4ische Kommission stellt eine Plattform zur Online-Streitbeilegung (OS) bereit: https:\/\/ec.europa.eu\/consumers\/odr Unsere E-Mail-Adresse finden Sie oben im Impressum.Wir sind nicht bereit oder verpflichtet, an Streitbeilegungsverfahren vor einer Verbraucherschlichtungsstelle teilzunehmen. Haftung f\u00fcr Inhalte Die Inhalte dieser Seiten [&hellip;]\" \/>\n<meta property=\"og:url\" content=\"https:\/\/pltx-music.de\/en\/impressum\/\" \/>\n<meta property=\"og:site_name\" content=\"PLTX | DJ, Sounddesign &amp; Mastering, Mixdown | Dresden, Germany\" \/>\n<meta property=\"article:modified_time\" content=\"2022-09-18T17:13:05+00:00\" \/>\n<meta name=\"twitter:card\" content=\"summary_large_image\" \/>\n<meta name=\"twitter:label1\" content=\"Estimated reading time\" \/>\n\t<meta name=\"twitter:data1\" content=\"2 minutes\" \/>\n<script type=\"application\/ld+json\" class=\"yoast-schema-graph\">{\"@context\":\"https:\\\/\\\/schema.org\",\"@graph\":[{\"@type\":\"WebPage\",\"@id\":\"https:\\\/\\\/pltx-music.de\\\/impressum\\\/\",\"url\":\"https:\\\/\\\/pltx-music.de\\\/impressum\\\/\",\"name\":\"Impressum - PLTX | DJ, Sounddesign &amp; Mastering, Mixdown | Dresden, Germany\",\"isPartOf\":{\"@id\":\"https:\\\/\\\/pltx-music.de\\\/#website\"},\"datePublished\":\"2020-07-20T14:05:30+00:00\",\"dateModified\":\"2022-09-18T17:13:05+00:00\",\"breadcrumb\":{\"@id\":\"https:\\\/\\\/pltx-music.de\\\/impressum\\\/#breadcrumb\"},\"inLanguage\":\"en-GB\",\"potentialAction\":[{\"@type\":\"ReadAction\",\"target\":[\"https:\\\/\\\/pltx-music.de\\\/impressum\\\/\"]}]},{\"@type\":\"BreadcrumbList\",\"@id\":\"https:\\\/\\\/pltx-music.de\\\/impressum\\\/#breadcrumb\",\"itemListElement\":[{\"@type\":\"ListItem\",\"position\":1,\"name\":\"Startseite\",\"item\":\"https:\\\/\\\/pltx-music.de\\\/\"},{\"@type\":\"ListItem\",\"position\":2,\"name\":\"Impressum\"}]},{\"@type\":\"WebSite\",\"@id\":\"https:\\\/\\\/pltx-music.de\\\/#website\",\"url\":\"https:\\\/\\\/pltx-music.de\\\/\",\"name\":\"PLTX | DJ, Sounddesign &amp; Mastering, Mixdown | Dresden, Germany\",\"description\":\"\",\"potentialAction\":[{\"@type\":\"SearchAction\",\"target\":{\"@type\":\"EntryPoint\",\"urlTemplate\":\"https:\\\/\\\/pltx-music.de\\\/?s={search_term_string}\"},\"query-input\":{\"@type\":\"PropertyValueSpecification\",\"valueRequired\":true,\"valueName\":\"search_term_string\"}}],\"inLanguage\":\"en-GB\"}]}<\/script>\n<!-- \/ Yoast SEO plugin. -->","yoast_head_json":{"title":"Impressum - PLTX | DJ, Sounddesign &amp; Mastering, Mixdown | Dresden, Germany","robots":{"index":"index","follow":"follow","max-snippet":"max-snippet:-1","max-image-preview":"max-image-preview:large","max-video-preview":"max-video-preview:-1"},"canonical":"https:\/\/pltx-music.de\/en\/impressum\/","og_locale":"en_GB","og_type":"article","og_title":"Impressum - PLTX | DJ, Sounddesign &amp; Mastering, Mixdown | Dresden, Germany","og_description":"Impressum Angaben gem\u00e4\u00df \u00a7 5 TMG Mark Sean-Lee HeizmannWeinbergstra\u00dfe 2901129 Dresden, Germany E-Mail: info@pltx-music.deVertretungsberechtige Personen: Mark Sean-Lee Leizmann Streitschlichtung Die Europ\u00e4ische Kommission stellt eine Plattform zur Online-Streitbeilegung (OS) bereit: https:\/\/ec.europa.eu\/consumers\/odr Unsere E-Mail-Adresse finden Sie oben im Impressum.Wir sind nicht bereit oder verpflichtet, an Streitbeilegungsverfahren vor einer Verbraucherschlichtungsstelle teilzunehmen. Haftung f\u00fcr Inhalte Die Inhalte dieser Seiten [&hellip;]","og_url":"https:\/\/pltx-music.de\/en\/impressum\/","og_site_name":"PLTX | DJ, Sounddesign &amp; Mastering, Mixdown | Dresden, Germany","article_modified_time":"2022-09-18T17:13:05+00:00","twitter_card":"summary_large_image","twitter_misc":{"Estimated reading time":"2 minutes"},"schema":{"@context":"https:\/\/schema.org","@graph":[{"@type":"WebPage","@id":"https:\/\/pltx-music.de\/impressum\/","url":"https:\/\/pltx-music.de\/impressum\/","name":"Impressum - PLTX | DJ, Sounddesign &amp; Mastering, Mixdown | Dresden, Germany","isPartOf":{"@id":"https:\/\/pltx-music.de\/#website"},"datePublished":"2020-07-20T14:05:30+00:00","dateModified":"2022-09-18T17:13:05+00:00","breadcrumb":{"@id":"https:\/\/pltx-music.de\/impressum\/#breadcrumb"},"inLanguage":"en-GB","potentialAction":[{"@type":"ReadAction","target":["https:\/\/pltx-music.de\/impressum\/"]}]},{"@type":"BreadcrumbList","@id":"https:\/\/pltx-music.de\/impressum\/#breadcrumb","itemListElement":[{"@type":"ListItem","position":1,"name":"Startseite","item":"https:\/\/pltx-music.de\/"},{"@type":"ListItem","position":2,"name":"Impressum"}]},{"@type":"WebSite","@id":"https:\/\/pltx-music.de\/#website","url":"https:\/\/pltx-music.de\/","name":"PLTX | DJ, Sounddesign &amp; Mastering, Mixdown | Dresden, Germany","description":"","potentialAction":[{"@type":"SearchAction","target":{"@type":"EntryPoint","urlTemplate":"https:\/\/pltx-music.de\/?s={search_term_string}"},"query-input":{"@type":"PropertyValueSpecification","valueRequired":true,"valueName":"search_term_string"}}],"inLanguage":"en-GB"}]}},"_links":{"self":[{"href":"https:\/\/pltx-music.de\/en\/wp-json\/wp\/v2\/pages\/498","targetHints":{"allow":["GET"]}}],"collection":[{"href":"https:\/\/pltx-music.de\/en\/wp-json\/wp\/v2\/pages"}],"about":[{"href":"https:\/\/pltx-music.de\/en\/wp-json\/wp\/v2\/types\/page"}],"author":[{"embeddable":true,"href":"https:\/\/pltx-music.de\/en\/wp-json\/wp\/v2\/users\/1"}],"replies":[{"embeddable":true,"href":"https:\/\/pltx-music.de\/en\/wp-json\/wp\/v2\/comments?post=498"}],"version-history":[{"count":9,"href":"https:\/\/pltx-music.de\/en\/wp-json\/wp\/v2\/pages\/498\/revisions"}],"predecessor-version":[{"id":1326,"href":"https:\/\/pltx-music.de\/en\/wp-json\/wp\/v2\/pages\/498\/revisions\/1326"}],"wp:attachment":[{"href":"https:\/\/pltx-music.de\/en\/wp-json\/wp\/v2\/media?parent=498"}],"curies":[{"name":"wp","href":"https:\/\/api.w.org\/{rel}","templated":true}]}}